{"id":82,"date":"2019-01-02T15:00:51","date_gmt":"2019-01-02T14:00:51","guid":{"rendered":"http:\/\/localhost\/octikt\/?page_id=82"},"modified":"2019-08-09T16:16:39","modified_gmt":"2019-08-09T14:16:39","slug":"das-projekt-octikt","status":"publish","type":"page","link":"https:\/\/projekt-octikt.fzi.de\/index.php\/das-projekt-octikt\/","title":{"rendered":"Das Projekt OCTIKT"},"content":{"rendered":"\n<p>Im Rahmen des vom BMBF  \u00fcber drei Jahre gef\u00f6rderten Forschungsprojekts OCTIKT werden Ans\u00e4tze des Organic Computings auf Ihre Anwendbarkeit in technischen und informations- und kommunikationstechnischen Systemen untersucht und um F\u00e4higkeiten und Eigenschaften zum Resilienzmanagement erweitert. <\/p>\n\n\n\n<p><strong>Das Ziel<\/strong><\/p>\n\n\n\n<blockquote class=\"wp-block-quote is-layout-flow wp-block-quote-is-layout-flow\"><p>Das Projekt OCTIKT hat das Ziel, Anwendern ein umfassendes, generisches Rahmenwerk zur Verf\u00fcgung zu stellen, welches den ver\u00e4nderten Rahmenbedingungen in dezentralen, dynamischen Systemen Rechnung tr\u00e4gt und eine effiziente und effektive Sicherstellung sowie Verbesserung der Resilienz in technischen oder IKT-Systemen erm\u00f6glicht.<\/p><\/blockquote>\n\n\n\n<div class=\"wp-block-image\"><figure class=\"aligncenter\"><img loading=\"lazy\" decoding=\"async\" width=\"1024\" height=\"724\" src=\"https:\/\/projekt-octikt.fzi.de\/wp-content\/uploads\/2019\/01\/2019-01-23_Bild_OCTIKT-1024x724.png\" alt=\"\" class=\"wp-image-311\" srcset=\"https:\/\/projekt-octikt.fzi.de\/wp-content\/uploads\/2019\/01\/2019-01-23_Bild_OCTIKT-1024x724.png 1024w, https:\/\/projekt-octikt.fzi.de\/wp-content\/uploads\/2019\/01\/2019-01-23_Bild_OCTIKT-300x212.png 300w, https:\/\/projekt-octikt.fzi.de\/wp-content\/uploads\/2019\/01\/2019-01-23_Bild_OCTIKT-768x543.png 768w\" sizes=\"auto, (max-width: 1024px) 100vw, 1024px\" \/><\/figure><\/div>\n\n\n\n<p style=\"text-align:left\"><strong>Motivation<\/strong><\/p>\n\n\n\n<p>Aktuelle Trends und Entwicklungen wie Industrie 4.0 oder das Internet der Dinge f\u00fchren zu dezentralen, stark vernetzten, zusammenwachsenden und hochdynamischen Systemen mit hoher Komplexit\u00e4t. Trotzdem wird von diesen Systemen eine hohe Zuverl\u00e4ssigkeit und Robustheit erwartet. Klassische, zentralisierte Systeme sto\u00dfen dabei an ihre Grenzen. Organic Computing basierte Ans\u00e4tze, die auf Konzepte zur Selbstorganisation (Selbst-x-Eigenschaften) setzen, k\u00f6nnen dagegen ideale Kandidaten f\u00fcr solche Systeme sein.<\/p>\n\n\n\n<p><strong>Vorgehen<\/strong><\/p>\n\n\n\n<p>Um dies zu erreichen werden werden in einem ersten Schritt potenziell in Frage kommende Ans\u00e4tze des Organic Computing identifiziert, klassifiziert und hinsichtlich ihrer Eignung f\u00fcr das Projekt bewertet. Gleichzeitig findet auch eine umfangreiche Katalogisierung und Bewertung von St\u00f6rungen, die in Versorgungsnetzen auftreten k\u00f6nnen, statt. Auf Basis dieser Vorarbeiten wird das generische Framework entwickelt und um F\u00e4higkeiten und Eigenschaften zum Resilienzmanagement erweitert. Das Framework soll dabei generisch sein, sodass es f\u00fcr eine Vielzahl verschiedener Versorgungsnetze eingesetzt werden kann. Beispielhaft wird dies anhand eines konkreten Anwendungsfalls umgesetzt.<\/p>\n\n\n\n<div class=\"wp-block-image\"><figure class=\"aligncenter is-resized\"><img loading=\"lazy\" decoding=\"async\" src=\"https:\/\/projekt-octikt.fzi.de\/wp-content\/uploads\/2019\/08\/urbanes-wohnquarter-1024x522.png\" alt=\"\" class=\"wp-image-363\" width=\"768\" height=\"392\" srcset=\"https:\/\/projekt-octikt.fzi.de\/wp-content\/uploads\/2019\/08\/urbanes-wohnquarter-1024x522.png 1024w, https:\/\/projekt-octikt.fzi.de\/wp-content\/uploads\/2019\/08\/urbanes-wohnquarter-300x153.png 300w, https:\/\/projekt-octikt.fzi.de\/wp-content\/uploads\/2019\/08\/urbanes-wohnquarter-768x391.png 768w, https:\/\/projekt-octikt.fzi.de\/wp-content\/uploads\/2019\/08\/urbanes-wohnquarter.png 1311w\" sizes=\"auto, (max-width: 768px) 100vw, 768px\" \/><\/figure><\/div>\n\n\n\n<p><strong>Anwendungsfall<\/strong><\/p>\n\n\n\n<p>Als Beispiel f\u00fcr ein dezentrales, stark vernetztes und hochdynamisches System wird das um Resilienzmanagement erweiterte generische Framework <br>simulativ anhand des Anwendungsfalls &#8222;<em>Dezentrales Energiemanagement in einem urbanen Wohnquartier<\/em>&#8220; evaluiert. Durch den stetigen Ausbau erneuerbarer Energien in den Stromverteilnetzen und der durch die zunehmende Verbreitung von Elektromobilit\u00e4t h\u00f6heren Laststpitzen, kann ein Verteilnetz k\u00fcnftig nicht mehr uneingeschr\u00e4nkt als stabiles System gesehen werden. Resilienz beschriebt nun die F\u00e4higkeit eines Systems dass seine Funktionsf\u00e4higkeit bei St\u00f6rungen nur gering beeintr\u00e4chtigt wird, gr\u00f6\u00dfere Sch\u00e4den vermieden werden und eine R\u00fcckf\u00fchrung in einen stabilen Betriebszustand erreicht werden kann.<\/p>\n\n\n\n<p><strong>Projektdaten<\/strong><\/p>\n\n\n\n<p>Laufzeit: 3 Jahre (11\/2018 &#8211; 10\/2021)<\/p>\n\n\n\n<figure class=\"wp-block-image is-resized\"><img loading=\"lazy\" decoding=\"async\" src=\"https:\/\/projekt-octikt.fzi.de\/\/wp-content\/uploads\/2019\/01\/BMBF_CMYK_Gef_L_300dpi-1024x726.jpg\" alt=\"\" class=\"wp-image-183\" width=\"248\" height=\"176\"\/><\/figure>\n","protected":false},"excerpt":{"rendered":"<p>Im Rahmen des vom BMBF \u00fcber drei Jahre gef\u00f6rderten Forschungsprojekts OCTIKT werden Ans\u00e4tze des Organic Computings auf Ihre Anwendbarkeit in technischen und informations- und kommunikationstechnischen Systemen untersucht und um F\u00e4higkeiten &#8230;<\/p>\n","protected":false},"author":1,"featured_media":0,"parent":0,"menu_order":0,"comment_status":"closed","ping_status":"closed","template":"","meta":{"footnotes":""},"class_list":["post-82","page","type-page","status-publish","hentry"],"_links":{"self":[{"href":"https:\/\/projekt-octikt.fzi.de\/index.php\/wp-json\/wp\/v2\/pages\/82","targetHints":{"allow":["GET"]}}],"collection":[{"href":"https:\/\/projekt-octikt.fzi.de\/index.php\/wp-json\/wp\/v2\/pages"}],"about":[{"href":"https:\/\/projekt-octikt.fzi.de\/index.php\/wp-json\/wp\/v2\/types\/page"}],"author":[{"embeddable":true,"href":"https:\/\/projekt-octikt.fzi.de\/index.php\/wp-json\/wp\/v2\/users\/1"}],"replies":[{"embeddable":true,"href":"https:\/\/projekt-octikt.fzi.de\/index.php\/wp-json\/wp\/v2\/comments?post=82"}],"version-history":[{"count":26,"href":"https:\/\/projekt-octikt.fzi.de\/index.php\/wp-json\/wp\/v2\/pages\/82\/revisions"}],"predecessor-version":[{"id":370,"href":"https:\/\/projekt-octikt.fzi.de\/index.php\/wp-json\/wp\/v2\/pages\/82\/revisions\/370"}],"wp:attachment":[{"href":"https:\/\/projekt-octikt.fzi.de\/index.php\/wp-json\/wp\/v2\/media?parent=82"}],"curies":[{"name":"wp","href":"https:\/\/api.w.org\/{rel}","templated":true}]}}