{"id":7,"date":"2019-01-02T13:06:06","date_gmt":"2019-01-02T12:06:06","guid":{"rendered":"http:\/\/localhost\/octikt\/?page_id=3"},"modified":"2023-11-10T12:23:05","modified_gmt":"2023-11-10T11:23:05","slug":"datenschutzerklaerung-2","status":"publish","type":"page","link":"https:\/\/projekt-octikt.fzi.de\/index.php\/datenschutzerklaerung-2\/","title":{"rendered":"Datenschutzerkl\u00e4rung"},"content":{"rendered":"\n<p><strong>Verantwortliche Stelle<\/strong><\/p>\n\n\n\n<p>FZI Forschungszentrum Informatik<br>Haid-und-Neu-Stra\u00dfe 10-14<br>76131 Karlsruhe<\/p>\n\n\n\n<p>E-Mail: datenschutz@fzi.de<\/p>\n\n\n\n<p><strong>Besuch der Webseite<\/strong><\/p>\n\n\n\n<p>Wenn Sie auf unsere Webseite zugreifen werden automatisch folgende Informationen \u00fcber Sie in Form von Server-Logfiles gespeichert:<\/p>\n\n\n\n<ul class=\"wp-block-list\">\n<li>Ihr Webbrowser<\/li>\n\n\n\n<li>Ihr Betriebssystem<\/li>\n\n\n\n<li>Ihre IP-Adresse und Port<\/li>\n\n\n\n<li>Die aufgerufene Webseite oder Bestandteile davon<\/li>\n\n\n\n<li>Die Webseite, von der Sie uns besuchen<\/li>\n\n\n\n<li>Der Zugriffszeitpunkt<\/li>\n<\/ul>\n\n\n\n<p>Diese Daten werden auf Basis von Art. 6 Abs. 1 lit. f DSGVO erhoben und der Zweck der Datenerhebung ist der Betrieb, die Wartung und der Schutz unserer Systeme. Die Daten fallen standardm\u00e4\u00dfig bei jedem Verbindungsaufbau mit einem Webserver im Internet an. Tritt ein Fehler bei der Nutzung unserer Webseite auf oder vermuten wir einen Angriff oder eine missbr\u00e4uchliche Nutzung, dienen diese Daten dazu das eingetretene Szenario zu reproduzieren. Ihre IP-Adresse wird zus\u00e4tzlich dazu genutzt um auf monatlicher Basis die Anzahl der Besucher auf unserer Webseite zu ermitteln. Alle derart erhobenen Daten werden f\u00fcr einen Zeitraum von 6 Monaten gespeichert und anschlie\u00dfend gel\u00f6scht.<\/p>\n\n\n\n<p><strong>Cookies und Analyse-Tool<\/strong><\/p>\n\n\n\n<p> F\u00fcr den Besuch unserer Webseite ist die Speicherung von Cookies nicht notwendig. Es wird auf der Webseite keinerlei Software um das Nutzungsverhalten der Webseiten-Besucher zu analysieren verwendet (z.B. Google Analytics). <\/p>\n\n\n\n<p><strong>Soziale&nbsp;Medien<\/strong><\/p>\n\n\n\n<p>Zum Schutz Ihrer Pers\u00f6nlichkeitsrechte sind auf dieser Webseite keine Social-Media-Feeds eingebunden. Dementsprechend werden bei der Nutzung unserer Webseite keine Informationen \u00fcber Sie an Dritte (wie Twitter oder Facebook) \u00fcbertragen. <\/p>\n\n\n\n<p><strong>Ihre&nbsp;Rechte<\/strong><\/p>\n\n\n\n<p>Als Betroffener einer Datenerfassung stehen Ihnen umfassende Rechte zu (Art. 15-23 DSGVO):<\/p>\n\n\n\n<ul class=\"wp-block-list\">\n<li>Das Recht jederzeit Auskunft \u00fcber Ihre bei uns gespeicherten Daten zu erhalten<\/li>\n\n\n\n<li>Das Recht die Einschr\u00e4nkung der Verarbeitung Ihrer Daten zu fordern oder der Verarbeitung zu widersprechen<\/li>\n\n\n\n<li>Das Recht die Sperrung oder L\u00f6schung Ihrer Daten zu verlangen<\/li>\n\n\n\n<li>Das Recht Ihre Daten berichtigen zu lassen<\/li>\n\n\n\n<li>Das Recht Ihre bei uns gespeicherten Daten in einem maschinenlesbaren Format zu erhalten (\u201eDaten\u00fcbertragbarkeit\u201c)<\/li>\n<\/ul>\n\n\n\n<p>M\u00f6chten Sie Ihre Rechte geltend machen, schicken Sie uns einfach eine E-Mail an die oben genannte Kontaktadresse (datenschutz@fzi.de). Zus\u00e4tzlich haben Sie nat\u00fcrlich jederzeit das Recht sich, bei Verdacht auf einen Versto\u00df gegen das Datenschutzrecht, bei der zust\u00e4ndigen Aufsichtsbeh\u00f6rde zu melden.<\/p>\n\n\n\n<p><strong>Kontaktaufnahme<\/strong><\/p>\n\n\n\n<p>Wenn Sie mit uns \u00fcber die angegebene E-Mail-Adressen der Ansprechpersonen Kontakt aufnehmen verarbeiten wir Ihre E-Mail-Adresse und Ihre in Ihrer E-Mail angegeben Daten um Ihre Anfrage beantworten und bearbeiten zu k\u00f6nnen. Dies geschieht auf Basis Ihrer Einwilligung. Diese k\u00f6nnen Sie jederzeit widerrufen. Wenn Sie mit einem unserer Partner Kontakt aufnehmen, beispielsweise durch Anklicken des Social Media Buttons des Partner oder durch das Senden einer E-Mail an den Partner, liegt die Verantwortlichkeit f\u00fcr die Datenverarbeitung nicht bei uns, sondern beim jeweiligen Partner.<\/p>\n","protected":false},"excerpt":{"rendered":"<p>Verantwortliche Stelle FZI Forschungszentrum InformatikHaid-und-Neu-Stra\u00dfe 10-1476131 Karlsruhe E-Mail: datenschutz@fzi.de Besuch der Webseite Wenn Sie auf unsere Webseite zugreifen werden automatisch folgende Informationen \u00fcber Sie in Form von Server-Logfiles gespeichert: Diese &#8230;<\/p>\n","protected":false},"author":1,"featured_media":0,"parent":0,"menu_order":0,"comment_status":"closed","ping_status":"open","template":"","meta":{"footnotes":""},"class_list":["post-7","page","type-page","status-publish","hentry"],"_links":{"self":[{"href":"https:\/\/projekt-octikt.fzi.de\/index.php\/wp-json\/wp\/v2\/pages\/7","targetHints":{"allow":["GET"]}}],"collection":[{"href":"https:\/\/projekt-octikt.fzi.de\/index.php\/wp-json\/wp\/v2\/pages"}],"about":[{"href":"https:\/\/projekt-octikt.fzi.de\/index.php\/wp-json\/wp\/v2\/types\/page"}],"author":[{"embeddable":true,"href":"https:\/\/projekt-octikt.fzi.de\/index.php\/wp-json\/wp\/v2\/users\/1"}],"replies":[{"embeddable":true,"href":"https:\/\/projekt-octikt.fzi.de\/index.php\/wp-json\/wp\/v2\/comments?post=7"}],"version-history":[{"count":3,"href":"https:\/\/projekt-octikt.fzi.de\/index.php\/wp-json\/wp\/v2\/pages\/7\/revisions"}],"predecessor-version":[{"id":379,"href":"https:\/\/projekt-octikt.fzi.de\/index.php\/wp-json\/wp\/v2\/pages\/7\/revisions\/379"}],"wp:attachment":[{"href":"https:\/\/projekt-octikt.fzi.de\/index.php\/wp-json\/wp\/v2\/media?parent=7"}],"curies":[{"name":"wp","href":"https:\/\/api.w.org\/{rel}","templated":true}]}}