{"id":6,"date":"2019-01-02T13:06:06","date_gmt":"2019-01-02T12:06:06","guid":{"rendered":"http:\/\/localhost\/octikt\/?page_id=2"},"modified":"2019-01-02T13:06:06","modified_gmt":"2019-01-02T12:06:06","slug":"beispiel-seite-2","status":"publish","type":"page","link":"https:\/\/projekt-octikt.fzi.de\/","title":{"rendered":"Herzlich Willkommen auf der Webseite des Projekts OCTIKT."},"content":{"rendered":"\n<p><\/p>\n\n\n\n<div class=\"wp-block-image\"><figure class=\"alignright is-resized\"><img loading=\"lazy\" decoding=\"async\" src=\"http:\/\/localhost\/octikt\/wp-content\/uploads\/2019\/01\/BMBF_gef\u00f6rdert-vom_deutsch.jpg\" alt=\"\" class=\"wp-image-87\" width=\"263\" height=\"186\"\/><\/figure><\/div>\n\n\n\n<p>Im Projekt OCTIKT wird ein generisches Framework und Vorgehensmodell zur Erfassung, Verbesserung und Sicherung von Resilienz in dynamischen, dezentralen Systemen entwickelt. Die Entwicklungen werden in einem konkreten Anwendungsfall, einem Stromverteilnetz, exemplarisch umgesetzt und evaluiert.<br><br>Das Projekt OCTIKT wird vom Bundesministerium f\u00fcr Bildung und Forschung (BMBF) unter dem F\u00f6rderkennzeichen 01IS18064A gef\u00f6rdert.<\/p>\n\n\n\n<p><\/p>\n","protected":false},"excerpt":{"rendered":"<p>Im Projekt OCTIKT wird ein generisches Framework und Vorgehensmodell zur Erfassung, Verbesserung und Sicherung von Resilienz in dynamischen, dezentralen Systemen entwickelt. Die Entwicklungen werden in einem konkreten Anwendungsfall, einem Stromverteilnetz, &#8230;<\/p>\n","protected":false},"author":1,"featured_media":0,"parent":0,"menu_order":0,"comment_status":"closed","ping_status":"open","template":"template-frontpage.php","meta":{"footnotes":""},"class_list":["post-6","page","type-page","status-publish","hentry"],"_links":{"self":[{"href":"https:\/\/projekt-octikt.fzi.de\/index.php\/wp-json\/wp\/v2\/pages\/6","targetHints":{"allow":["GET"]}}],"collection":[{"href":"https:\/\/projekt-octikt.fzi.de\/index.php\/wp-json\/wp\/v2\/pages"}],"about":[{"href":"https:\/\/projekt-octikt.fzi.de\/index.php\/wp-json\/wp\/v2\/types\/page"}],"author":[{"embeddable":true,"href":"https:\/\/projekt-octikt.fzi.de\/index.php\/wp-json\/wp\/v2\/users\/1"}],"replies":[{"embeddable":true,"href":"https:\/\/projekt-octikt.fzi.de\/index.php\/wp-json\/wp\/v2\/comments?post=6"}],"version-history":[{"count":0,"href":"https:\/\/projekt-octikt.fzi.de\/index.php\/wp-json\/wp\/v2\/pages\/6\/revisions"}],"wp:attachment":[{"href":"https:\/\/projekt-octikt.fzi.de\/index.php\/wp-json\/wp\/v2\/media?parent=6"}],"curies":[{"name":"wp","href":"https:\/\/api.w.org\/{rel}","templated":true}]}}