{"id":32,"date":"2019-01-02T14:10:51","date_gmt":"2019-01-02T13:10:51","guid":{"rendered":"http:\/\/localhost\/octikt\/?page_id=32"},"modified":"2019-01-07T10:32:22","modified_gmt":"2019-01-07T09:32:22","slug":"netze-bw-gmbh","status":"publish","type":"page","link":"https:\/\/projekt-octikt.fzi.de\/index.php\/netze-bw-gmbh\/","title":{"rendered":"Netze BW GmbH (assoziiert)"},"content":{"rendered":"\n<div class=\"wp-block-image\"><figure class=\"alignright is-resized\"><img loading=\"lazy\" decoding=\"async\" src=\"https:\/\/projekt-octikt.fzi.de\/\/wp-content\/uploads\/2019\/01\/netzebw-crop.png\" alt=\"\" class=\"wp-image-138\" width=\"221\" height=\"52\"\/><\/figure><\/div>\n\n\n\n<p>Die Netze BW ist das Kompetenzzentrum im EnBW-Konzern f\u00fcr Netzmanagement, Netzbetrieb und -ausbau. Netze BW betreibt ein rund 100.000 Kilometer langes Stromnetz in der Hoch-, Mittel- und Niederspannung, wartet und baut es kontinuierlich aus. Eine bedeutende Rolle beim Ausbau des Verteilnetzes spielt dabei die Netzanbindung von erneuerbaren Energien. H\u00f6chste Priorit\u00e4t hat dabei immer die Versorgungssicherheit, insbesondere bei nat\u00fcrlichen und menschenverursachten, lokalen und regionalen St\u00f6rungen. Daf\u00fcr setzt Netze BW moderne und erprobte Techniken ein und unterh\u00e4lt ein fl\u00e4chendeckendes Netz von Servicest\u00fctzpunkten sowie eine immer besetzte, zentrale Leitstelle. Das technische Know-how und die Strukturen der Netze BW sind sparten\u00fcbergreifend auf Strom-, Gas- und Wassernetze ausgerichtet. M\u00f6glichst gro\u00dfe Mehrspartigkeit ist deshalb auch das Prinzip f\u00fcr die eingesetzten Technologien und L\u00f6sungen. Netze BW hat Erfahrung mit Technologien und neuartigen Subsystemen der Energiewende sowie als Partner in einschl\u00e4gigen Forschungsprojekten, z. B. im Projekt grid-control. Von besonderem Interes-se sind neue Technologien zur Steuerung und Optimierung von Stromnetzen mit hohem Prozentsatz an erneuerbaren dezentralen Energieerzeugern und Konsumenten (Prosumern).<\/p>\n\n\n\n<p>Die Netze BW GmbH tritt im Projekt als assoziierter Partner auf und plant, an den im Rahmen des Projekts veranstalteten Workshops teilzunehmen. In diesen Veranstaltungen soll nach M\u00f6glichkeit Input zu folgenden Aspekten gegeben werden.<\/p>\n\n\n\n<ul class=\"wp-block-list\"><li>Bewertung der m\u00f6glichen Praxisrelevanz von Organic-Computing-basierten Ans\u00e4tzen <\/li><li>Praxisgetriebene Identifikation und Bewertung m\u00f6glicher St\u00f6rungen<\/li><li>Festlegung von Rahmenbedingungen und Anforderungen an SW\/IKT-Systeme f\u00fcr Versorgungsnetze allgemein und f\u00fcr den Anwendungsfall Verteilnetz<\/li><li>R\u00fcckmeldung zu Zwischenst\u00e4nden des zu entwickelnden Organic-Computing-Frameworks inkl. Resilienzmanagement und seiner Anwendung f\u00fcr Quartiere <\/li><li>Potenziell Vorgabe von (neuen) unvorhergesehenen Disruptionen aus der Praxis<\/li><\/ul>\n\n\n\n<p> <br><strong>Kontakt<\/strong> <br>Netze BW GmbH<br>Schelmenwasenstr. 15<br>70567 Stuttgart<br><br>Tel. +49 800 3629-900<br>kontakt@netze-bw.de<br><a href=\"http:\/\/www.netze-bw.de\">www.netze-bw.de<\/a><br><br><strong>Ansprechpartner<\/strong><br>Dr. Selma Lossau<br>s.lossau@netze-bw.de<br>Tel. +49 711 28 48484<\/p>\n","protected":false},"excerpt":{"rendered":"<p>Die Netze BW ist das Kompetenzzentrum im EnBW-Konzern f\u00fcr Netzmanagement, Netzbetrieb und -ausbau. Netze BW betreibt ein rund 100.000 Kilometer langes Stromnetz in der Hoch-, Mittel- und Niederspannung, wartet und &#8230;<\/p>\n","protected":false},"author":1,"featured_media":0,"parent":0,"menu_order":0,"comment_status":"closed","ping_status":"closed","template":"","meta":{"footnotes":""},"class_list":["post-32","page","type-page","status-publish","hentry"],"_links":{"self":[{"href":"https:\/\/projekt-octikt.fzi.de\/index.php\/wp-json\/wp\/v2\/pages\/32","targetHints":{"allow":["GET"]}}],"collection":[{"href":"https:\/\/projekt-octikt.fzi.de\/index.php\/wp-json\/wp\/v2\/pages"}],"about":[{"href":"https:\/\/projekt-octikt.fzi.de\/index.php\/wp-json\/wp\/v2\/types\/page"}],"author":[{"embeddable":true,"href":"https:\/\/projekt-octikt.fzi.de\/index.php\/wp-json\/wp\/v2\/users\/1"}],"replies":[{"embeddable":true,"href":"https:\/\/projekt-octikt.fzi.de\/index.php\/wp-json\/wp\/v2\/comments?post=32"}],"version-history":[{"count":2,"href":"https:\/\/projekt-octikt.fzi.de\/index.php\/wp-json\/wp\/v2\/pages\/32\/revisions"}],"predecessor-version":[{"id":213,"href":"https:\/\/projekt-octikt.fzi.de\/index.php\/wp-json\/wp\/v2\/pages\/32\/revisions\/213"}],"wp:attachment":[{"href":"https:\/\/projekt-octikt.fzi.de\/index.php\/wp-json\/wp\/v2\/media?parent=32"}],"curies":[{"name":"wp","href":"https:\/\/api.w.org\/{rel}","templated":true}]}}