{"id":30,"date":"2019-01-02T14:10:22","date_gmt":"2019-01-02T13:10:22","guid":{"rendered":"http:\/\/localhost\/octikt\/?page_id=30"},"modified":"2019-01-07T10:33:26","modified_gmt":"2019-01-07T09:33:26","slug":"evohaus-irq-gmbh","status":"publish","type":"page","link":"https:\/\/projekt-octikt.fzi.de\/index.php\/evohaus-irq-gmbh\/","title":{"rendered":"evohaus IRQ GmbH"},"content":{"rendered":"\n<div class=\"wp-block-image\"><figure class=\"alignright is-resized\"><img loading=\"lazy\" decoding=\"async\" src=\"https:\/\/projekt-octikt.fzi.de\/\/wp-content\/uploads\/2019\/01\/evohaus-crop.png\" alt=\"\" class=\"wp-image-129\" width=\"225\" height=\"90\"\/><\/figure><\/div>\n\n\n\n<p>Die evohaus IRQ GmbH plant die technische Geb\u00e4udeausstattung von Siedlungen und Industrieanlagen. Dazu geh\u00f6ren die Gesamtenergieversorgung mit W\u00e4rmeerzeugung, Medienversorgung, Wasserversorgung sowie Schmutz- und Regenwasserentsorgung. Mittels eines eigenentwickelten Energiemanagementsystems wird der in den durch die evohaus GmbH erbauten und in deren Besitz befindlichen Objekten (ca. 400 Wohneinheiten) eigenerzeugte Strom vor Ort verbraucht und gespeichert anstatt ihn in das \u00f6ffentliche Stromnetz einzuspeisen. Daf\u00fcr werden steuerbare Ger\u00e4te (z. B. W\u00e4rmepumpen, Pufferspeicher und Batteriespeicher) zeitlich und leistungs-m\u00e4\u00dfig geregelt. Durch die permanente Messung und \u00dcberwachung aller systemrelevanten Ger\u00e4te, k\u00f6nnen Fehler fr\u00fchzeitig erkannt und behoben werden.<br><\/p>\n\n\n\n<p>Die evohaus IRQ GmbH bringt insbesondere ihre Expertise als technischer Geb\u00e4udeausstatter in das Projekt ein. Durch die Vernetzung von Komponenten (Verbrauchsz\u00e4hler, W\u00e4rmeerzeuger, Speichersysteme) und dem Auslesen und Speichern von Daten entsteht eine feingranulare Datenbasis, welche f\u00fcr eine realit\u00e4tsnahe Bewertung der entwickelten Algorithmen und Prototypen herangezogen werden kann.<\/p>\n\n\n\n<p><strong>Kontakt<\/strong><br>evohaus IRQ GmbH<br>Emil-Nolde-Str. 2<br>76227 Karlsruhe<br><br>Tel. +49 721 68 03 29 81<br>Fax +49 721 183 891 20 <br>info@evohaus-irq.com<br><a href=\"https:\/\/www.evohaus-irq.com\">www.evohaus-irq.com<\/a><br><br><strong>Ansprechpartner<\/strong><br>J\u00f6rg Schmidt<br>j.schmidt@evohaus-irq.com<br>Tel. +49 721 68 03 29 81<\/p>\n","protected":false},"excerpt":{"rendered":"<p>Die evohaus IRQ GmbH plant die technische Geb\u00e4udeausstattung von Siedlungen und Industrieanlagen. Dazu geh\u00f6ren die Gesamtenergieversorgung mit W\u00e4rmeerzeugung, Medienversorgung, Wasserversorgung sowie Schmutz- und Regenwasserentsorgung. Mittels eines eigenentwickelten Energiemanagementsystems wird der &#8230;<\/p>\n","protected":false},"author":1,"featured_media":0,"parent":0,"menu_order":0,"comment_status":"closed","ping_status":"closed","template":"","meta":{"footnotes":""},"class_list":["post-30","page","type-page","status-publish","hentry"],"_links":{"self":[{"href":"https:\/\/projekt-octikt.fzi.de\/index.php\/wp-json\/wp\/v2\/pages\/30","targetHints":{"allow":["GET"]}}],"collection":[{"href":"https:\/\/projekt-octikt.fzi.de\/index.php\/wp-json\/wp\/v2\/pages"}],"about":[{"href":"https:\/\/projekt-octikt.fzi.de\/index.php\/wp-json\/wp\/v2\/types\/page"}],"author":[{"embeddable":true,"href":"https:\/\/projekt-octikt.fzi.de\/index.php\/wp-json\/wp\/v2\/users\/1"}],"replies":[{"embeddable":true,"href":"https:\/\/projekt-octikt.fzi.de\/index.php\/wp-json\/wp\/v2\/comments?post=30"}],"version-history":[{"count":2,"href":"https:\/\/projekt-octikt.fzi.de\/index.php\/wp-json\/wp\/v2\/pages\/30\/revisions"}],"predecessor-version":[{"id":216,"href":"https:\/\/projekt-octikt.fzi.de\/index.php\/wp-json\/wp\/v2\/pages\/30\/revisions\/216"}],"wp:attachment":[{"href":"https:\/\/projekt-octikt.fzi.de\/index.php\/wp-json\/wp\/v2\/media?parent=30"}],"curies":[{"name":"wp","href":"https:\/\/api.w.org\/{rel}","templated":true}]}}