{"id":28,"date":"2019-01-02T14:09:54","date_gmt":"2019-01-02T13:09:54","guid":{"rendered":"http:\/\/localhost\/octikt\/?page_id=28"},"modified":"2019-02-14T15:08:52","modified_gmt":"2019-02-14T14:08:52","slug":"seven2one-informationssysteme-gmbh","status":"publish","type":"page","link":"https:\/\/projekt-octikt.fzi.de\/index.php\/seven2one-informationssysteme-gmbh\/","title":{"rendered":"Seven2one Informationssysteme GmbH"},"content":{"rendered":"\n<div class=\"wp-block-image\"><figure class=\"alignright is-resized\"><img loading=\"lazy\" decoding=\"async\" src=\"https:\/\/projekt-octikt.fzi.de\/\/wp-content\/uploads\/2019\/01\/seven2one-crop.png\" alt=\"\" class=\"wp-image-142\" width=\"188\" height=\"103\"\/><\/figure><\/div>\n\n\n\n<p>Die Seven2one Informationssysteme GmbH ist ein Anbieter individueller Softwarel\u00f6sungen. Das Unternehmen aus Karlsruhe unterst\u00fctzt Energieversorger, Industrieunternehmen und Infrastrukturbetreiber, die Herausforderungen der Digitalisierung hin zum neuen Energiesystem zu meistern. Hierf\u00fcr entwickelt es ma\u00dfgeschneiderte Softwarel\u00f6sungen f\u00fcr die Digitalisierung komplexer (Energie-)Datenprozesse und die Umsetzung von Gesch\u00e4ftsmodellen der Energiewende. Die Mission von Seven2one: Kunden zu Helden der Energiewende machen.<\/p>\n\n\n\n<p>Eine inhouse entwickelte Software-Plattform mit vielen generischen Grundfunktionen, Werkzeugen und Schnittstellen ist das standardisierte Chassis f\u00fcr alle L\u00f6sungen von Seven2one. Mit diesem Plattform-Ansatz verbindet das Unternehmen das Beste aus zwei Welten: die Passgenauigkeit einer individuellen L\u00f6sung mit der guten Wartbarkeit und konstanten Weiterentwicklung einer Standardsoftware. <\/p>\n\n\n\n<p>Durch die starke Integration von Daten und Prozessen k\u00f6nnen die Kunden die zunehmenden Echtzeit-Anforderungen der neuen Gesch\u00e4ftsmodelle der Energiewende erf\u00fcllen. Steuerungs-, Analyse- und Entscheidungsprozesse werden durch optimiertes Datenmanagement und integrierte Abbildung individueller Fachprozesse bestm\u00f6glich unterst\u00fctzt. Dazu geh\u00f6ren z. B. virtuelle Kraftwerke, smarte Quartiere, Energiemanagement in Echtzeit f\u00fcr Unternehmen, Demand Side Management und auch L\u00f6sungen rund um die Elektromobilit\u00e4t.<\/p>\n\n\n\n<p>Bew\u00e4hrt haben sich die die individuellen Softwarel\u00f6sungen u.a. bei Energieversorgern wie Stadtwerke Krefeld und Stadtwerke M\u00fcnchen. Seven2one lieferte die Software f\u00fcr die Transparenzplattform bei der European Energy Exchange AG und das REMIT Transaction Reporting des OMP (\u201eOrganised Marketplace\u201c). <\/p>\n\n\n\n<p>Seven2one entwickelt im Rahmen des Anwendungsfalls\nSoftwarebausteine f\u00fcr die Kommunikation zwischen den Prosumern im Stra\u00dfenzug\nund f\u00fcr die Informationsverarbeitung und -aufbereitung. Ziel ist es, dass die\nProsumer auf Basis der hierdurch erhaltenen unter Zuhilfenahme von selbst\ngesammelten Informationen St\u00f6rungen und Disruptionen erkennen und eigenst\u00e4ndig\nEntscheidungen treffen, um das System wieder in einen stabilen Zustand\nzur\u00fcckzuf\u00fchren.<\/p>\n\n\n\n<p> <br><strong>Kontakt<\/strong> <br>Seven2one Informationssysteme GmbH<br>Waldstr. 41-43<br>76133 Karlsruhe<br><br>Tel. +49 721 62714-000<br>Fax +49 721 62714-200<br>info@seven2one.de<br><a href=\"http:\/\/www.seven2one.de\">www.seven2one.de<\/a><br><br><strong>Ansprechpartner<\/strong><br>Florian Wellmann<br>florian.wellmann@seven2one.de<br>Tel. +49 721 62714-177<\/p>\n","protected":false},"excerpt":{"rendered":"<p>Die Seven2one Informationssysteme GmbH ist ein Anbieter individueller Softwarel\u00f6sungen. Das Unternehmen aus Karlsruhe unterst\u00fctzt Energieversorger, Industrieunternehmen und Infrastrukturbetreiber, die Herausforderungen der Digitalisierung hin zum neuen Energiesystem zu meistern. Hierf\u00fcr entwickelt &#8230;<\/p>\n","protected":false},"author":1,"featured_media":0,"parent":0,"menu_order":0,"comment_status":"closed","ping_status":"closed","template":"","meta":{"footnotes":""},"class_list":["post-28","page","type-page","status-publish","hentry"],"_links":{"self":[{"href":"https:\/\/projekt-octikt.fzi.de\/index.php\/wp-json\/wp\/v2\/pages\/28","targetHints":{"allow":["GET"]}}],"collection":[{"href":"https:\/\/projekt-octikt.fzi.de\/index.php\/wp-json\/wp\/v2\/pages"}],"about":[{"href":"https:\/\/projekt-octikt.fzi.de\/index.php\/wp-json\/wp\/v2\/types\/page"}],"author":[{"embeddable":true,"href":"https:\/\/projekt-octikt.fzi.de\/index.php\/wp-json\/wp\/v2\/users\/1"}],"replies":[{"embeddable":true,"href":"https:\/\/projekt-octikt.fzi.de\/index.php\/wp-json\/wp\/v2\/comments?post=28"}],"version-history":[{"count":3,"href":"https:\/\/projekt-octikt.fzi.de\/index.php\/wp-json\/wp\/v2\/pages\/28\/revisions"}],"predecessor-version":[{"id":332,"href":"https:\/\/projekt-octikt.fzi.de\/index.php\/wp-json\/wp\/v2\/pages\/28\/revisions\/332"}],"wp:attachment":[{"href":"https:\/\/projekt-octikt.fzi.de\/index.php\/wp-json\/wp\/v2\/media?parent=28"}],"curies":[{"name":"wp","href":"https:\/\/api.w.org\/{rel}","templated":true}]}}