{"id":26,"date":"2019-01-02T14:09:23","date_gmt":"2019-01-02T13:09:23","guid":{"rendered":"http:\/\/localhost\/octikt\/?page_id=26"},"modified":"2019-01-07T10:32:05","modified_gmt":"2019-01-07T09:32:05","slug":"universitaet-kassel","status":"publish","type":"page","link":"https:\/\/projekt-octikt.fzi.de\/index.php\/universitaet-kassel\/","title":{"rendered":"Universit\u00e4t Kassel"},"content":{"rendered":"\n<div class=\"wp-block-image\"><figure class=\"alignright is-resized\"><img loading=\"lazy\" decoding=\"async\" src=\"https:\/\/projekt-octikt.fzi.de\/\/wp-content\/uploads\/2019\/01\/unikassel-crop.png\" alt=\"\" class=\"wp-image-145\" width=\"252\" height=\"54\"\/><\/figure><\/div>\n\n\n\n<p>Die <em>Universit\u00e4t Kassel<\/em> ist eine mittelgro\u00dfe Universit\u00e4t, die \u00fcber ein spezielles Profil mit den Themen Natur, Technik, Kultur und Gesellschaft verf\u00fcgt. Im Fachgebiet <em>Intelligent Embedded Systems<\/em> (IES, Leitung Prof. Dr. Bernhard Sick) arbeiten aktuell zehn Wissenschaftliche Mitarbeiter, neun externe Doktoranden sowie PD Dr.-Ing. Tomforde als Privatdozent. Prof. Sick ist Sprecher des Institute for System Analytics and Control. IES kann auf mehr als 200 Ver\u00f6ffentlichungen verweisen (acht Best Paper Awards, ein Erfinderpreis, ein Patent, eine Patentanmeldung). IES besch\u00e4ftigt sich seit vielen Jahren mit der Frage, wie technische Systeme mit Methoden des Maschinellen Lernens und des Organic Computing \u201cintelligent\u201d werden, d. h., wie sie sich an sich ver\u00e4ndernde Umgebungsbedingungen anpassen k\u00f6nnen bzw. ihre eigene Performanz autonom erh\u00f6hen. Das Spektrum der erforschten Verfahren deckt dabei die Bereiche Anomalieerkennung, Aktives Lernen, aber auch verst\u00e4rkendes, kollaboratives oder halb\u00fcberwachtes Lernen ab.<\/p>\n\n\n\n<p>Die Universit\u00e4t Kassel bringt in das Projekt ihre Kompezenz im Bereich des Organic Computing mit ein und ist ma\u00dfgeblich an der Auswahl eines passenden Organic Computing Frameworks beteiligt sowie an dessen Weiterentwicklung um zus\u00e4tzliches explizites Resilienzmanagement.<\/p>\n\n\n\n<p> <br><strong>Kontakt<\/strong> <br>Universit\u00e4t Kassel<br>Wilhelmsh\u00f6her Allee 71-73<br>34121 Kassel<br><br>Tel. +49 561 804-0<br>poststelle@uni-kassel.de<br><a href=\"http:\/\/www.uni-kassel.de\">www.uni-kassel.de<\/a><br><br><strong>Ansprechpartner<\/strong><br>PD Dr. Sven Tomforde<br>stomforde@uni-kassel.de<br>+49 561 804 6037<br><\/p>\n","protected":false},"excerpt":{"rendered":"<p>Die Universit\u00e4t Kassel ist eine mittelgro\u00dfe Universit\u00e4t, die \u00fcber ein spezielles Profil mit den Themen Natur, Technik, Kultur und Gesellschaft verf\u00fcgt. Im Fachgebiet Intelligent Embedded Systems (IES, Leitung Prof. Dr. &#8230;<\/p>\n","protected":false},"author":1,"featured_media":0,"parent":0,"menu_order":0,"comment_status":"closed","ping_status":"closed","template":"","meta":{"footnotes":""},"class_list":["post-26","page","type-page","status-publish","hentry"],"_links":{"self":[{"href":"https:\/\/projekt-octikt.fzi.de\/index.php\/wp-json\/wp\/v2\/pages\/26","targetHints":{"allow":["GET"]}}],"collection":[{"href":"https:\/\/projekt-octikt.fzi.de\/index.php\/wp-json\/wp\/v2\/pages"}],"about":[{"href":"https:\/\/projekt-octikt.fzi.de\/index.php\/wp-json\/wp\/v2\/types\/page"}],"author":[{"embeddable":true,"href":"https:\/\/projekt-octikt.fzi.de\/index.php\/wp-json\/wp\/v2\/users\/1"}],"replies":[{"embeddable":true,"href":"https:\/\/projekt-octikt.fzi.de\/index.php\/wp-json\/wp\/v2\/comments?post=26"}],"version-history":[{"count":2,"href":"https:\/\/projekt-octikt.fzi.de\/index.php\/wp-json\/wp\/v2\/pages\/26\/revisions"}],"predecessor-version":[{"id":212,"href":"https:\/\/projekt-octikt.fzi.de\/index.php\/wp-json\/wp\/v2\/pages\/26\/revisions\/212"}],"wp:attachment":[{"href":"https:\/\/projekt-octikt.fzi.de\/index.php\/wp-json\/wp\/v2\/media?parent=26"}],"curies":[{"name":"wp","href":"https:\/\/api.w.org\/{rel}","templated":true}]}}