{"id":24,"date":"2019-01-02T14:09:00","date_gmt":"2019-01-02T13:09:00","guid":{"rendered":"http:\/\/localhost\/octikt\/?page_id=24"},"modified":"2019-02-08T12:27:59","modified_gmt":"2019-02-08T11:27:59","slug":"fraunhofer-emi","status":"publish","type":"page","link":"https:\/\/projekt-octikt.fzi.de\/index.php\/fraunhofer-emi\/","title":{"rendered":"Fraunhofer EMI"},"content":{"rendered":"\n<div class=\"wp-block-image\"><figure class=\"alignright is-resized\"><img loading=\"lazy\" decoding=\"async\" src=\"https:\/\/projekt-octikt.fzi.de\/\/wp-content\/uploads\/2019\/01\/fraunhoferemi-crop.png\" alt=\"\" class=\"wp-image-131\" width=\"219\" height=\"62\"\/><\/figure><\/div>\n\n\n\n<p>Das <em>Fraunhofer Institut f\u00fcr Kurzzeitdynamik, Ernst-Mach-Institut, EMI<\/em>, besch\u00e4ftigt sich als Angewandtes Forschungsinstitut seit rund 20 Jahren mit der Anwendung von Risikoanalyse- und -managementkonzepten zur Reduktion von menschen- und zunehmend auch naturverursachten Gef\u00e4hrdungen, insbes. technischer Systeme. Seit rund 10 Jahren werden auch funktionale Sicherheitsnachweise f\u00fcr komplexe technische Systeme unterst\u00fctzt oder auditiert. Der Schwerpunkt liegt hierbei auf (embedded) Software und Hardware. Resilienzmanagement und -analyse (mit Schwerpunkt schnelle Erholung und Wiederherstellung nach Schadensereignissen) wird in diesem Zusammenhang als eine Weiterentwicklung der Risikokontrolle (mit Schwerpunkt Verhindern von Schadensereignissen und Robustheit) ausgebaut und ebenfalls auf technische Systeme angewandt. Dies erlaubt von kleineren St\u00f6rungen bis hin zu gr\u00f6\u00dferen Disruptionen eine einheitliche Herangehensweise, insbesondere wird ein ausreichendes Systemverst\u00e4ndnis nach gr\u00f6\u00dferen Ausf\u00e4llen eingefordert um Erholungsstrategien nach Schadensereignissen zu erm\u00f6glichen und ihren Erfolg zu quantifizieren (Resilienzquantifizierung). <\/p>\n\n\n\n<p><em>Fraunhofer EMI<\/em> besch\u00e4ftigt sich mit der Simulation von Stromnetzen samt abh\u00e4ngigen Netzen (z. B. Wasser, Mobilfunknetz) bei St\u00f6rungen und der ingenieurtechnischen Simulation von Schaltungen mit hohen Str\u00f6men einschlie\u00dflich eingebetteter Software-Steuereinheiten. In diesen Bereichen werden auch grundst\u00e4ndische Lehre und wissenschaftliche Weiterbildungen in unterschiedlichen Formaten in Zusammenarbeit mit der HFU Furtwangen, Fraunhofer Academy, und vor allem Uni Freiburg, Institut f\u00fcr nachhaltige Technologien (INATECH) angeboten. <\/p>\n\n\n\n<p>Das Fraunhofer EMI bringt insbesondere ihre Expertise im Bereicht des Resilienzmanagements und der Resilienzanalyse mit ein. Dabei ist es insbesondere f\u00fcr die Erweiterung des generischen Frameworks um explizites Resilienzmanagement verantwortlich.<\/p>\n\n\n\n<p> <br><strong>Kontakt<\/strong> <br>Fraunhofer EMI<br>Am Klingelberg 1<br>79588 Efringen-Kirchen<br><br>Tel. +49 7628 9050-0<br><a href=\"http:\/\/www.emi.fraunhofer.de\">www.emi.fraunhofer.de<\/a><br><br><strong>Ansprechpartner<\/strong><br>Dr. Patrick Gelhausen<br>Patrick.Gelhausen@emi.fraunhofer.de<br>Tel. +49 7628 9050-734<\/p>\n","protected":false},"excerpt":{"rendered":"<p>Das Fraunhofer Institut f\u00fcr Kurzzeitdynamik, Ernst-Mach-Institut, EMI, besch\u00e4ftigt sich als Angewandtes Forschungsinstitut seit rund 20 Jahren mit der Anwendung von Risikoanalyse- und -managementkonzepten zur Reduktion von menschen- und zunehmend auch &#8230;<\/p>\n","protected":false},"author":1,"featured_media":0,"parent":0,"menu_order":0,"comment_status":"closed","ping_status":"closed","template":"","meta":{"footnotes":""},"class_list":["post-24","page","type-page","status-publish","hentry"],"_links":{"self":[{"href":"https:\/\/projekt-octikt.fzi.de\/index.php\/wp-json\/wp\/v2\/pages\/24","targetHints":{"allow":["GET"]}}],"collection":[{"href":"https:\/\/projekt-octikt.fzi.de\/index.php\/wp-json\/wp\/v2\/pages"}],"about":[{"href":"https:\/\/projekt-octikt.fzi.de\/index.php\/wp-json\/wp\/v2\/types\/page"}],"author":[{"embeddable":true,"href":"https:\/\/projekt-octikt.fzi.de\/index.php\/wp-json\/wp\/v2\/users\/1"}],"replies":[{"embeddable":true,"href":"https:\/\/projekt-octikt.fzi.de\/index.php\/wp-json\/wp\/v2\/comments?post=24"}],"version-history":[{"count":3,"href":"https:\/\/projekt-octikt.fzi.de\/index.php\/wp-json\/wp\/v2\/pages\/24\/revisions"}],"predecessor-version":[{"id":330,"href":"https:\/\/projekt-octikt.fzi.de\/index.php\/wp-json\/wp\/v2\/pages\/24\/revisions\/330"}],"wp:attachment":[{"href":"https:\/\/projekt-octikt.fzi.de\/index.php\/wp-json\/wp\/v2\/media?parent=24"}],"curies":[{"name":"wp","href":"https:\/\/api.w.org\/{rel}","templated":true}]}}